{"id":197,"date":"2020-06-18T13:50:02","date_gmt":"2020-06-18T13:50:02","guid":{"rendered":"https:\/\/bizbergthemes.com\/green-eco-planet-pro\/?page_id=197"},"modified":"2024-11-02T19:30:33","modified_gmt":"2024-11-02T19:30:33","slug":"planet-green-homepage","status":"publish","type":"page","link":"https:\/\/realaeroclubandalucia.es\/","title":{"rendered":"Real Aeroclub Andaluc\u00eda"},"content":{"rendered":"<p>&nbsp;<\/p>\n<h4>Sobre Nosotros<\/h4>\n<h2>Bienvenido al Real Aeroclub Andaluc\u00eda<\/h2>\n<p>&nbsp;<\/p>\n<p><img fetchpriority=\"high\" decoding=\"async\" src=\"https:\/\/realaeroclubandalucia.es\/wp-content\/uploads\/2021\/08\/IMG_4060-1-576x1024.png\" sizes=\"(max-width: 576px) 100vw, 576px\" srcset=\"https:\/\/realaeroclubandalucia.es\/wp-content\/uploads\/2021\/08\/IMG_4060-1-576x1024.png 576w, https:\/\/realaeroclubandalucia.es\/wp-content\/uploads\/2021\/08\/IMG_4060-1-169x300.png 169w, https:\/\/realaeroclubandalucia.es\/wp-content\/uploads\/2021\/08\/IMG_4060-1.png 750w\" alt=\"\" width=\"576\" height=\"1024\" \/><\/p>\n<h2>\u00bfQu\u00e9 quieres hacer?<\/h2>\n<h3>Vuelos Tur\u00edsticos<\/h3>\n<p><a role=\"button\" href=\"https:\/\/realaeroclubandalucia.es\/?page_id=576\"><br \/>\nM\u00e1s informaci\u00f3n<br \/>\n<\/a><\/p>\n<h3>Bautismos<br \/>\nde vuelo<\/h3>\n<p><a role=\"button\" href=\"#\"><br \/>\nM\u00e1s informaci\u00f3n<br \/>\n<\/a><\/p>\n<h3>Pertenece al club<\/h3>\n<p><a role=\"button\" href=\"#\"><br \/>\nm\u00e1s informaci\u00f3n<\/a><button id=\"eael-load-more-btn-1980080f\" data-widget-id=\"1980080f\" data-widget=\"1980080f\" data-page-id=\"197\" data-nonce=\"5c149d4977\" data-template=\"{&quot;dir&quot;:&quot;lite&quot;,&quot;file_name&quot;:&quot;default.php&quot;,&quot;name&quot;:&quot;Post-Grid&quot;}\" data-class=\"Essential_Addons_ElementorElementsPost_Grid\" data-layout=\"grid\" data-page=\"1\" data-args=\"orderby=date&amp;order=desc&amp;ignore_sticky_posts=1&amp;post_status=publish&amp;posts_per_page=3&amp;offset=0&amp;post_type=post\" data-max-page=\"2\"><\/button><\/p>\n<article data-id=\"1\">\n<header><\/header>\n<\/article>\n","protected":false},"excerpt":{"rendered":"<p>&nbsp; Sobre Nosotros Bienvenido al Real Aeroclub Andaluc\u00eda &nbsp; \u00bfQu\u00e9 quieres hacer? Vuelos Tur\u00edsticos M\u00e1s informaci\u00f3n Bautismos de vuelo M\u00e1s informaci\u00f3n Pertenece al club m\u00e1s informaci\u00f3n<\/p>\n","protected":false},"author":1,"featured_media":419,"parent":0,"menu_order":0,"comment_status":"closed","ping_status":"closed","template":"","meta":{"_eb_attr":"","ngg_post_thumbnail":0,"footnotes":""},"class_list":["post-197","page","type-page","status-publish","has-post-thumbnail","hentry"],"_links":{"self":[{"href":"https:\/\/realaeroclubandalucia.es\/index.php?rest_route=\/wp\/v2\/pages\/197","targetHints":{"allow":["GET"]}}],"collection":[{"href":"https:\/\/realaeroclubandalucia.es\/index.php?rest_route=\/wp\/v2\/pages"}],"about":[{"href":"https:\/\/realaeroclubandalucia.es\/index.php?rest_route=\/wp\/v2\/types\/page"}],"author":[{"embeddable":true,"href":"https:\/\/realaeroclubandalucia.es\/index.php?rest_route=\/wp\/v2\/users\/1"}],"replies":[{"embeddable":true,"href":"https:\/\/realaeroclubandalucia.es\/index.php?rest_route=%2Fwp%2Fv2%2Fcomments&post=197"}],"version-history":[{"count":41,"href":"https:\/\/realaeroclubandalucia.es\/index.php?rest_route=\/wp\/v2\/pages\/197\/revisions"}],"predecessor-version":[{"id":658,"href":"https:\/\/realaeroclubandalucia.es\/index.php?rest_route=\/wp\/v2\/pages\/197\/revisions\/658"}],"wp:featuredmedia":[{"embeddable":true,"href":"https:\/\/realaeroclubandalucia.es\/index.php?rest_route=\/wp\/v2\/media\/419"}],"wp:attachment":[{"href":"https:\/\/realaeroclubandalucia.es\/index.php?rest_route=%2Fwp%2Fv2%2Fmedia&parent=197"}],"curies":[{"name":"wp","href":"https:\/\/api.w.org\/{rel}","templated":true}]}}